{"id":4482,"date":"2026-01-21T13:09:33","date_gmt":"2026-01-21T21:09:33","guid":{"rendered":"https:\/\/backup.lcar.ca\/wp68\/?page_id=4482"},"modified":"2026-01-21T13:17:26","modified_gmt":"2026-01-21T21:17:26","slug":"affiliations-curac","status":"publish","type":"page","link":"https:\/\/backup.lcar.ca\/wp68\/affiliations-curac\/","title":{"rendered":"Affiliations &#8211; CURAC"},"content":{"rendered":"<p><span style=\"font-family: helvetica, arial, sans-serif;\"><strong>Benefits Through CURAC<\/strong><\/span><\/p>\n<p><span style=\"font-family: helvetica, arial, sans-serif;\"><a href=\"https:\/\/curac.ca\"><strong>College and University Retiree Associations of Canada \/Associations de retrait\u00e9s des universit\u00e9s et coll\u00e8ges du Canada<\/strong><\/a><strong>\u00a0<\/strong>(<strong>CURAC\/ARUCC<\/strong>) is a not-for-profit federation of more than 40 retiree associations at colleges and universities across Canada.<\/span><\/p>\n<p><span style=\"font-family: helvetica, arial, sans-serif;\">CURAC\u2019s objectives are to<\/span><\/p>\n<ul>\n<li><span style=\"font-family: helvetica, arial, sans-serif;\">coordinate activities that promote communication among member associations,<\/span><\/li>\n<li><span style=\"font-family: helvetica, arial, sans-serif;\">share information,<\/span><\/li>\n<li><span style=\"font-family: helvetica, arial, sans-serif;\">coordinate activities that promote communication among member associations,<\/span><\/li>\n<li><span style=\"font-family: helvetica, arial, sans-serif;\">share information,<\/span><\/li>\n<li><span style=\"font-family: helvetica, arial, sans-serif;\">provide mutual assistance, and<\/span><\/li>\n<li><span style=\"font-family: helvetica, arial, sans-serif;\">speak publicly on issues of concern to the more than 20,000 college and university retirees across Canada.<\/span><\/li>\n<\/ul>\n<p><span style=\"font-family: helvetica, arial, sans-serif;\">LCAR is an active member of CURAC, and our retirees) are eligible to access the services and discount <a href=\"https:\/\/curac.ca\/en\/member-benefits\">offers negotiated by CURAC\/ARUCC.<\/a><\/span><\/p>\n<p><span style=\"font-family: helvetica, arial, sans-serif;\">Some of the partners offer a small rebate to CURAC, which is shared with the referring associations, so <strong>remember mention our association and CURAC when you purchase products or services<\/strong> from a partner. And every partner offers some perk to retirees!<\/span><br \/>\n<span style=\"font-family: helvetica, arial, sans-serif;\">Group travel; custom travel; home, car, travel insurance; extended health insurance; eyewear; hearing aids and hearing protection; and more! For more information and how to take advantage of the various offers, visit the <a href=\"https:\/\/curac.ca\/en\/member-benefits\">Membership Benefits<\/a> page at CURAC\/ARUCC.<\/span><\/p>\n","protected":false},"excerpt":{"rendered":"<p>Benefits Through CURAC College and University Retiree Associations of Canada \/Associations de retrait\u00e9s des universit\u00e9s et coll\u00e8ges du Canada\u00a0(CURAC\/ARUCC) is a not-for-profit federation of more than 40 retiree associations at colleges and universities across Canada. &hellip;<\/p>\n","protected":false},"author":1,"featured_media":0,"parent":0,"menu_order":0,"comment_status":"closed","ping_status":"closed","template":"","meta":{"_uag_custom_page_level_css":"","footnotes":""},"class_list":["post-4482","page","type-page","status-publish","hentry"],"uagb_featured_image_src":{"full":false,"thumbnail":false,"medium":false,"medium_large":false,"large":false,"1536x1536":false,"2048x2048":false,"post-thumbnail":false,"esotera-featured":false,"esotera-featured-lp":false,"esotera-featured-half":false,"esotera-featured-third":false,"esotera-lpbox-1":false,"esotera-lpbox-2":false},"uagb_author_info":{"display_name":"royadmin","author_link":"https:\/\/backup.lcar.ca\/wp68\/author\/royadmin\/"},"uagb_comment_info":0,"uagb_excerpt":"Benefits Through CURAC College and University Retiree Associations of Canada \/Associations de retrait\u00e9s des universit\u00e9s et coll\u00e8ges du Canada\u00a0(CURAC\/ARUCC) is a not-for-profit federation of more than 40 retiree associations at colleges and universities across Canada. &hellip;","_links":{"self":[{"href":"https:\/\/backup.lcar.ca\/wp68\/wp-json\/wp\/v2\/pages\/4482","targetHints":{"allow":["GET"]}}],"collection":[{"href":"https:\/\/backup.lcar.ca\/wp68\/wp-json\/wp\/v2\/pages"}],"about":[{"href":"https:\/\/backup.lcar.ca\/wp68\/wp-json\/wp\/v2\/types\/page"}],"author":[{"embeddable":true,"href":"https:\/\/backup.lcar.ca\/wp68\/wp-json\/wp\/v2\/users\/1"}],"replies":[{"embeddable":true,"href":"https:\/\/backup.lcar.ca\/wp68\/wp-json\/wp\/v2\/comments?post=4482"}],"version-history":[{"count":5,"href":"https:\/\/backup.lcar.ca\/wp68\/wp-json\/wp\/v2\/pages\/4482\/revisions"}],"predecessor-version":[{"id":4488,"href":"https:\/\/backup.lcar.ca\/wp68\/wp-json\/wp\/v2\/pages\/4482\/revisions\/4488"}],"wp:attachment":[{"href":"https:\/\/backup.lcar.ca\/wp68\/wp-json\/wp\/v2\/media?parent=4482"}],"curies":[{"name":"wp","href":"https:\/\/api.w.org\/{rel}","templated":true}]}}